{"id":1248,"date":"2026-03-15T02:16:35","date_gmt":"2026-03-15T02:16:35","guid":{"rendered":"https:\/\/cellbunker.com\/producto\/soporte-para-celular-3\/"},"modified":"2026-03-15T02:16:42","modified_gmt":"2026-03-15T02:16:42","slug":"soporte-para-celular-3","status":"publish","type":"product","link":"https:\/\/cellbunker.com\/?product=soporte-para-celular-3","title":{"rendered":"Soporte para celular"},"content":{"rendered":"<p> <font dir=\"auto\" style=\"vertical-align: inherit\"> <font dir=\"auto\" style=\"vertical-align: inherit\">Nota: Productos de marcas no oficiales de Apple, compatibles con modelos de iPhone.<\/font> <\/font> <\/p>\n<p> <\/p>\n<p> <span data-spm-anchor-id=\"2114.10010108.1000023.i0.788a7de3mf2X4n\"> <font dir=\"auto\" style=\"vertical-align: inherit\"> <font dir=\"auto\" style=\"vertical-align: inherit\"> <font dir=\"auto\" style=\"vertical-align: inherit\"> <font dir=\"auto\" style=\"vertical-align: inherit\">&#8211; Soporte universal para tel\u00e9fonos inteligentes, compatible con tel\u00e9fonos de todos los tama\u00f1os, desde 4,5 hasta 7,3 pulgadas.&nbsp;<\/font> <\/font> <\/font> <\/font> <\/span> <\/p>\n<p> <span data-spm-anchor-id=\"2114.10010108.1000023.i0.788a7de3mf2X4n\"> <font dir=\"auto\" style=\"vertical-align: inherit\"> <font dir=\"auto\" style=\"vertical-align: inherit\"> <br \/> <\/font> <\/font> <\/span> <\/p>\n<p> <font dir=\"auto\" style=\"vertical-align: inherit\"> <font dir=\"auto\" style=\"vertical-align: inherit\"> <font dir=\"auto\" style=\"vertical-align: inherit\"> <font dir=\"auto\" style=\"vertical-align: inherit\">&#8212; El soporte para tel\u00e9fono m\u00f3vil m\u00e1s novedoso, soporte universal para tel\u00e9fono m\u00f3vil, soporte flexible, soporte giratorio de 360\u00b0 de f\u00e1cil instalaci\u00f3n con m\u00faltiples funciones.&nbsp;<\/font> <\/font> <\/font> <\/font> <\/p>\n<p> <font dir=\"auto\" style=\"vertical-align: inherit\"> <font dir=\"auto\" style=\"vertical-align: inherit\"> <font dir=\"auto\" style=\"vertical-align: inherit\"> <font dir=\"auto\" style=\"vertical-align: inherit\"> <br \/> <\/font> <\/font> <\/font> <\/font> <\/p>\n<p> <font dir=\"auto\" style=\"vertical-align: inherit\"> <font dir=\"auto\" style=\"vertical-align: inherit\">&#8211;Color: Blanco \/ Amarillo \/ Rosa \/ Azul \/ Negro \/ Morado \/ Verde<\/font> <\/font> <\/p>\n<p> <font dir=\"auto\" style=\"vertical-align: inherit\"> <font dir=\"auto\" style=\"vertical-align: inherit\"> <br \/> <\/font> <\/font> <\/p>\n<p> <font dir=\"auto\" style=\"vertical-align: inherit\"> <font dir=\"auto\" style=\"vertical-align: inherit\"> <font dir=\"auto\" style=\"vertical-align: inherit\"> <font dir=\"auto\" style=\"vertical-align: inherit\">&#8211;Material: Pl\u00e1stico y espuma amortiguadora<\/font> <\/font> <\/font> <\/font> <\/p>\n<p> <font dir=\"auto\" style=\"vertical-align: inherit\"> <font dir=\"auto\" style=\"vertical-align: inherit\"> <br \/> <\/font> <\/font> <\/p>\n<div>\n <font dir=\"auto\" style=\"vertical-align: inherit\"> <font dir=\"auto\" style=\"vertical-align: inherit\">&#8211;Tama\u00f1o del soporte: 125&#215;65 mm<\/font> <\/font>\n<\/div>\n<p> <\/p>\n","protected":false},"excerpt":{"rendered":"<p>Nota: Productos de marcas no oficiales de Apple, compatibles con modelos de iPhone. &#8211; Soporte universal para tel\u00e9fonos inteligentes, compatible [&hellip;]<\/p>\n","protected":false},"featured_media":1240,"comment_status":"open","ping_status":"closed","template":"","meta":{"site-sidebar-layout":"default","site-content-layout":"","ast-site-content-layout":"default","site-content-style":"default","site-sidebar-style":"default","ast-global-header-display":"","ast-banner-title-visibility":"","ast-main-header-display":"","ast-hfb-above-header-display":"","ast-hfb-below-header-display":"","ast-hfb-mobile-header-display":"","site-post-title":"","ast-breadcrumbs-content":"","ast-featured-img":"","footer-sml-layout":"","ast-disable-related-posts":"","theme-transparent-header-meta":"","adv-header-id-meta":"","stick-header-meta":"","header-above-stick-meta":"","header-main-stick-meta":"","header-below-stick-meta":"","astra-migrate-meta-layouts":"default","ast-page-background-enabled":"default","ast-page-background-meta":{"desktop":{"background-color":"var(--ast-global-color-5)","background-image":"","background-repeat":"repeat","background-position":"center center","background-size":"auto","background-attachment":"scroll","background-type":"","background-media":"","overlay-type":"","overlay-color":"","overlay-opacity":"","overlay-gradient":""},"tablet":{"background-color":"","background-image":"","background-repeat":"repeat","background-position":"center center","background-size":"auto","background-attachment":"scroll","background-type":"","background-media":"","overlay-type":"","overlay-color":"","overlay-opacity":"","overlay-gradient":""},"mobile":{"background-color":"","background-image":"","background-repeat":"repeat","background-position":"center center","background-size":"auto","background-attachment":"scroll","background-type":"","background-media":"","overlay-type":"","overlay-color":"","overlay-opacity":"","overlay-gradient":""}},"ast-content-background-meta":{"desktop":{"background-color":"var(--ast-global-color-4)","background-image":"","background-repeat":"repeat","background-position":"center center","background-size":"auto","background-attachment":"scroll","background-type":"","background-media":"","overlay-type":"","overlay-color":"","overlay-opacity":"","overlay-gradient":""},"tablet":{"background-color":"var(--ast-global-color-4)","background-image":"","background-repeat":"repeat","background-position":"center center","background-size":"auto","background-attachment":"scroll","background-type":"","background-media":"","overlay-type":"","overlay-color":"","overlay-opacity":"","overlay-gradient":""},"mobile":{"background-color":"var(--ast-global-color-4)","background-image":"","background-repeat":"repeat","background-position":"center center","background-size":"auto","background-attachment":"scroll","background-type":"","background-media":"","overlay-type":"","overlay-color":"","overlay-opacity":"","overlay-gradient":""}}},"product_brand":[],"product_cat":[24],"product_tag":[],"class_list":{"0":"post-1248","1":"product","2":"type-product","3":"status-publish","4":"has-post-thumbnail","6":"product_cat-soporte","7":"desktop-align-left","8":"tablet-align-left","9":"mobile-align-left","11":"first","12":"instock","13":"shipping-taxable","14":"purchasable","15":"product-type-variable"},"jetpack_sharing_enabled":true,"_links":{"self":[{"href":"https:\/\/cellbunker.com\/index.php?rest_route=\/wp\/v2\/product\/1248","targetHints":{"allow":["GET"]}}],"collection":[{"href":"https:\/\/cellbunker.com\/index.php?rest_route=\/wp\/v2\/product"}],"about":[{"href":"https:\/\/cellbunker.com\/index.php?rest_route=\/wp\/v2\/types\/product"}],"replies":[{"embeddable":true,"href":"https:\/\/cellbunker.com\/index.php?rest_route=%2Fwp%2Fv2%2Fcomments&post=1248"}],"wp:featuredmedia":[{"embeddable":true,"href":"https:\/\/cellbunker.com\/index.php?rest_route=\/wp\/v2\/media\/1240"}],"wp:attachment":[{"href":"https:\/\/cellbunker.com\/index.php?rest_route=%2Fwp%2Fv2%2Fmedia&parent=1248"}],"wp:term":[{"taxonomy":"product_brand","embeddable":true,"href":"https:\/\/cellbunker.com\/index.php?rest_route=%2Fwp%2Fv2%2Fproduct_brand&post=1248"},{"taxonomy":"product_cat","embeddable":true,"href":"https:\/\/cellbunker.com\/index.php?rest_route=%2Fwp%2Fv2%2Fproduct_cat&post=1248"},{"taxonomy":"product_tag","embeddable":true,"href":"https:\/\/cellbunker.com\/index.php?rest_route=%2Fwp%2Fv2%2Fproduct_tag&post=1248"}],"curies":[{"name":"wp","href":"https:\/\/api.w.org\/{rel}","templated":true}]}}