{"id":1235,"date":"2026-03-15T02:13:49","date_gmt":"2026-03-15T02:13:49","guid":{"rendered":"https:\/\/cellbunker.com\/producto\/soporte-de-celular-para-bicicleta\/"},"modified":"2026-03-17T00:40:24","modified_gmt":"2026-03-17T00:40:24","slug":"soporte-de-celular-para-bicicleta","status":"publish","type":"product","link":"https:\/\/cellbunker.com\/?product=soporte-de-celular-para-bicicleta","title":{"rendered":"Soporte de celular para bicicleta"},"content":{"rendered":"<p><strong> <span dir=\"auto\" style=\"vertical-align: inherit;\"> <span dir=\"auto\" style=\"vertical-align: inherit;\">Detalles del producto:<\/span> <\/span> <\/strong><br \/>\n<span dir=\"auto\" style=\"vertical-align: inherit;\"> <span dir=\"auto\" style=\"vertical-align: inherit;\"> Adecuado para: Bicicleta, bicicleta de carretera, motocicleta, veh\u00edculo el\u00e9ctrico. <\/span> <\/span><br \/>\n<span dir=\"auto\" style=\"vertical-align: inherit;\"> <span dir=\"auto\" style=\"vertical-align: inherit;\">Adecuado para: Tel\u00e9fonos m\u00f3viles de menos de 9 cm de ancho y 1 cm de grosor. <\/span> <\/span><br \/>\n<span dir=\"auto\" style=\"vertical-align: inherit;\"> <span dir=\"auto\" style=\"vertical-align: inherit;\">Material del producto: aleaci\u00f3n de aluminio. <\/span> <\/span><br \/>\n<span dir=\"auto\" style=\"vertical-align: inherit;\"> <span dir=\"auto\" style=\"vertical-align: inherit;\">Color: Como se muestra en la imagen (opcional). <\/span> <\/span><br \/>\n<span dir=\"auto\" style=\"vertical-align: inherit;\"> <span dir=\"auto\" style=\"vertical-align: inherit;\">Caracter\u00edsticas del producto: Doble ajuste, permite varios ajustes de \u00e1ngulo. <\/span> <\/span><\/p>\n<p><strong> <span dir=\"auto\" style=\"vertical-align: inherit;\"> <span dir=\"auto\" style=\"vertical-align: inherit;\">El paquete incluye:<\/span> <\/span> <\/strong><br \/>\n<span dir=\"auto\" style=\"vertical-align: inherit;\"> <span dir=\"auto\" style=\"vertical-align: inherit;\"> 1 soporte para tel\u00e9fono. <\/span> <\/span><\/p>\n<p><strong> <span dir=\"auto\" style=\"vertical-align: inherit;\"> <span dir=\"auto\" style=\"vertical-align: inherit;\">Nota:<\/span> <\/span> <\/strong><br \/>\n<span dir=\"auto\" style=\"vertical-align: inherit;\"> <span dir=\"auto\" style=\"vertical-align: inherit;\"> Tecnolog\u00eda de coloraci\u00f3n de superficie anodizada, gancho incorporado, mejora la resistencia a la corrosi\u00f3n y la dureza, superficie met\u00e1lica protectora. <\/span> <\/span><br \/>\n<span dir=\"auto\" style=\"vertical-align: inherit;\"> <span dir=\"auto\" style=\"vertical-align: inherit;\">El brazo de la pinza se puede ajustar de forma flexible para todo tipo de tel\u00e9fonos m\u00f3viles.<\/span> <\/span><\/p>\n<p><img decoding=\"async\" src=\"https:\/\/cf.cjdropshipping.com\/fab90c24-bf1a-4d52-a616-1408e02f0b50.jpg\" \/> <img decoding=\"async\" src=\"https:\/\/cf.cjdropshipping.com\/925d4e90-479f-4f48-b4c1-430d9f5ffed3.jpg\" \/> <img decoding=\"async\" src=\"https:\/\/cf.cjdropshipping.com\/4399c0e3-cc5b-47ac-81f3-0b5fde1f582d.jpg\" \/> <img decoding=\"async\" src=\"https:\/\/cf.cjdropshipping.com\/a269e1dd-e789-482e-8014-6b554056e795.jpg\" \/> <img decoding=\"async\" src=\"https:\/\/cf.cjdropshipping.com\/7567b04d-b752-4792-9aee-20e460aa7107.jpg\" \/> <img decoding=\"async\" src=\"https:\/\/cf.cjdropshipping.com\/ce887dce-f615-41cd-a7ef-e705ba348f8a.jpg\" \/> <img decoding=\"async\" src=\"https:\/\/cf.cjdropshipping.com\/9681fed4-2554-466d-b481-be1851438c70.jpg\" \/> <img decoding=\"async\" src=\"https:\/\/cf.cjdropshipping.com\/5e2f8312-7b7e-4a0c-a5b5-1a1ce198d289.jpg\" \/> <img decoding=\"async\" src=\"https:\/\/cf.cjdropshipping.com\/2d141fe9-96b5-49a9-9d33-cb8bce7a2ca3.jpg\" \/> <img decoding=\"async\" src=\"https:\/\/cf.cjdropshipping.com\/f4f84bd4-91b1-4747-8615-766bfbff9847.jpg\" \/> <img decoding=\"async\" src=\"https:\/\/cf.cjdropshipping.com\/099aa904-4fb9-4b56-a72d-72fff798fb75.jpg\" \/> <img decoding=\"async\" src=\"https:\/\/cf.cjdropshipping.com\/ab729755-0d9d-4aa4-b2c7-48fe4b1aa42c.jpg\" \/> <img decoding=\"async\" src=\"https:\/\/cf.cjdropshipping.com\/9d6c09ae-907a-492c-bbf8-07b3ee5486e8.jpg\" \/> <img decoding=\"async\" src=\"https:\/\/cf.cjdropshipping.com\/a8e7f797-f7d5-4cf9-89c6-5d78364bb5ba.jpg\" \/> <img decoding=\"async\" src=\"https:\/\/cf.cjdropshipping.com\/88ae9824-dfde-4093-92bd-133b42bf3a90.jpg\" \/><\/p>\n","protected":false},"excerpt":{"rendered":"<p>Detalles del producto: Adecuado para: Bicicleta, bicicleta de carretera, motocicleta, veh\u00edculo el\u00e9ctrico. Adecuado para: Tel\u00e9fonos m\u00f3viles de menos de 9 [&hellip;]<\/p>\n","protected":false},"featured_media":1320,"comment_status":"open","ping_status":"closed","template":"","meta":{"site-sidebar-layout":"default","site-content-layout":"","ast-site-content-layout":"default","site-content-style":"default","site-sidebar-style":"default","ast-global-header-display":"","ast-banner-title-visibility":"","ast-main-header-display":"","ast-hfb-above-header-display":"","ast-hfb-below-header-display":"","ast-hfb-mobile-header-display":"","site-post-title":"","ast-breadcrumbs-content":"","ast-featured-img":"","footer-sml-layout":"","ast-disable-related-posts":"","theme-transparent-header-meta":"default","adv-header-id-meta":"","stick-header-meta":"","header-above-stick-meta":"","header-main-stick-meta":"","header-below-stick-meta":"","astra-migrate-meta-layouts":"set","ast-page-background-enabled":"default","ast-page-background-meta":{"desktop":{"background-color":"var(--ast-global-color-5)","background-image":"","background-repeat":"repeat","background-position":"center center","background-size":"auto","background-attachment":"scroll","background-type":"","background-media":"","overlay-type":"","overlay-color":"","overlay-opacity":"","overlay-gradient":""},"tablet":{"background-color":"","background-image":"","background-repeat":"repeat","background-position":"center center","background-size":"auto","background-attachment":"scroll","background-type":"","background-media":"","overlay-type":"","overlay-color":"","overlay-opacity":"","overlay-gradient":""},"mobile":{"background-color":"","background-image":"","background-repeat":"repeat","background-position":"center center","background-size":"auto","background-attachment":"scroll","background-type":"","background-media":"","overlay-type":"","overlay-color":"","overlay-opacity":"","overlay-gradient":""}},"ast-content-background-meta":{"desktop":{"background-color":"var(--ast-global-color-4)","background-image":"","background-repeat":"repeat","background-position":"center center","background-size":"auto","background-attachment":"scroll","background-type":"","background-media":"","overlay-type":"","overlay-color":"","overlay-opacity":"","overlay-gradient":""},"tablet":{"background-color":"var(--ast-global-color-4)","background-image":"","background-repeat":"repeat","background-position":"center center","background-size":"auto","background-attachment":"scroll","background-type":"","background-media":"","overlay-type":"","overlay-color":"","overlay-opacity":"","overlay-gradient":""},"mobile":{"background-color":"var(--ast-global-color-4)","background-image":"","background-repeat":"repeat","background-position":"center center","background-size":"auto","background-attachment":"scroll","background-type":"","background-media":"","overlay-type":"","overlay-color":"","overlay-opacity":"","overlay-gradient":""}}},"product_brand":[],"product_cat":[24],"product_tag":[],"class_list":{"0":"post-1235","1":"product","2":"type-product","3":"status-publish","4":"has-post-thumbnail","6":"product_cat-soporte","7":"desktop-align-left","8":"tablet-align-left","9":"mobile-align-left","11":"first","12":"instock","13":"shipping-taxable","14":"purchasable","15":"product-type-variable"},"jetpack_sharing_enabled":true,"_links":{"self":[{"href":"https:\/\/cellbunker.com\/index.php?rest_route=\/wp\/v2\/product\/1235","targetHints":{"allow":["GET"]}}],"collection":[{"href":"https:\/\/cellbunker.com\/index.php?rest_route=\/wp\/v2\/product"}],"about":[{"href":"https:\/\/cellbunker.com\/index.php?rest_route=\/wp\/v2\/types\/product"}],"replies":[{"embeddable":true,"href":"https:\/\/cellbunker.com\/index.php?rest_route=%2Fwp%2Fv2%2Fcomments&post=1235"}],"wp:featuredmedia":[{"embeddable":true,"href":"https:\/\/cellbunker.com\/index.php?rest_route=\/wp\/v2\/media\/1320"}],"wp:attachment":[{"href":"https:\/\/cellbunker.com\/index.php?rest_route=%2Fwp%2Fv2%2Fmedia&parent=1235"}],"wp:term":[{"taxonomy":"product_brand","embeddable":true,"href":"https:\/\/cellbunker.com\/index.php?rest_route=%2Fwp%2Fv2%2Fproduct_brand&post=1235"},{"taxonomy":"product_cat","embeddable":true,"href":"https:\/\/cellbunker.com\/index.php?rest_route=%2Fwp%2Fv2%2Fproduct_cat&post=1235"},{"taxonomy":"product_tag","embeddable":true,"href":"https:\/\/cellbunker.com\/index.php?rest_route=%2Fwp%2Fv2%2Fproduct_tag&post=1235"}],"curies":[{"name":"wp","href":"https:\/\/api.w.org\/{rel}","templated":true}]}}