{"id":1168,"date":"2026-03-15T02:02:37","date_gmt":"2026-03-15T02:02:37","guid":{"rendered":"https:\/\/cellbunker.com\/producto\/hub-3-en-1\/"},"modified":"2026-03-15T02:02:41","modified_gmt":"2026-03-15T02:02:41","slug":"hub-3-en-1","status":"publish","type":"product","link":"https:\/\/cellbunker.com\/?product=hub-3-en-1","title":{"rendered":"HUB 3 en 1"},"content":{"rendered":"<p> <b> <font dir=\"auto\" style=\"vertical-align: inherit\"> <font dir=\"auto\" style=\"vertical-align: inherit\">Informaci\u00f3n del producto:<\/font> <\/font> <\/b> <br \/> <font dir=\"auto\" style=\"vertical-align: inherit\"> <font dir=\"auto\" style=\"vertical-align: inherit\"> Longitud del cable: 10 cm <\/font> <\/font> <br \/> <font dir=\"auto\" style=\"vertical-align: inherit\"> <font dir=\"auto\" style=\"vertical-align: inherit\">Interfaz: Tipo C <\/font> <\/font> <br \/> <font dir=\"auto\" style=\"vertical-align: inherit\"> <font dir=\"auto\" style=\"vertical-align: inherit\">Adecuado para ocasiones de regalos: ferias comerciales, promociones publicitarias, beneficios para empleados, regalos de empresa, ceremonias de inauguraci\u00f3n, planificaci\u00f3n de relaciones p\u00fablicas<\/font> <\/font> <\/p>\n<p> <br \/>\n<b> <font dir=\"auto\" style=\"vertical-align: inherit\"> <font dir=\"auto\" style=\"vertical-align: inherit\">Lista de empaque:<\/font> <\/font> <\/b><br \/>\n<br \/> <br \/>\n<font dir=\"auto\" style=\"vertical-align: inherit\"> <font dir=\"auto\" style=\"vertical-align: inherit\"> 1* lector de tarjetas&nbsp; <\/font> <\/font><br \/>\n<b> <font dir=\"auto\" style=\"vertical-align: inherit\"> <font dir=\"auto\" style=\"vertical-align: inherit\">Imagen del producto:<\/font> <\/font> <\/b><br \/>\n<br \/> <br \/>\n<img decoding=\"async\" src=\"https:\/\/cf.cjdropshipping.com\/02726f95-079b-4565-aa6f-88fc34731b56.jpg\"><br \/>\n<img decoding=\"async\" src=\"https:\/\/cf.cjdropshipping.com\/8f1b126f-0215-4882-be5b-aa4d36517cd8.jpg\"><br \/>\n<img decoding=\"async\" src=\"https:\/\/cf.cjdropshipping.com\/e4d52fc7-15e8-4c2f-a656-486f32995d7d.jpg\"><\/p>\n","protected":false},"excerpt":{"rendered":"<p>Informaci\u00f3n del producto: Longitud del cable: 10 cm Interfaz: Tipo C Adecuado para ocasiones de regalos: ferias comerciales, promociones publicitarias, [&hellip;]<\/p>\n","protected":false},"featured_media":1163,"comment_status":"open","ping_status":"closed","template":"","meta":{"site-sidebar-layout":"default","site-content-layout":"","ast-site-content-layout":"default","site-content-style":"default","site-sidebar-style":"default","ast-global-header-display":"","ast-banner-title-visibility":"","ast-main-header-display":"","ast-hfb-above-header-display":"","ast-hfb-below-header-display":"","ast-hfb-mobile-header-display":"","site-post-title":"","ast-breadcrumbs-content":"","ast-featured-img":"","footer-sml-layout":"","ast-disable-related-posts":"","theme-transparent-header-meta":"","adv-header-id-meta":"","stick-header-meta":"","header-above-stick-meta":"","header-main-stick-meta":"","header-below-stick-meta":"","astra-migrate-meta-layouts":"default","ast-page-background-enabled":"default","ast-page-background-meta":{"desktop":{"background-color":"var(--ast-global-color-5)","background-image":"","background-repeat":"repeat","background-position":"center center","background-size":"auto","background-attachment":"scroll","background-type":"","background-media":"","overlay-type":"","overlay-color":"","overlay-opacity":"","overlay-gradient":""},"tablet":{"background-color":"","background-image":"","background-repeat":"repeat","background-position":"center center","background-size":"auto","background-attachment":"scroll","background-type":"","background-media":"","overlay-type":"","overlay-color":"","overlay-opacity":"","overlay-gradient":""},"mobile":{"background-color":"","background-image":"","background-repeat":"repeat","background-position":"center center","background-size":"auto","background-attachment":"scroll","background-type":"","background-media":"","overlay-type":"","overlay-color":"","overlay-opacity":"","overlay-gradient":""}},"ast-content-background-meta":{"desktop":{"background-color":"var(--ast-global-color-4)","background-image":"","background-repeat":"repeat","background-position":"center center","background-size":"auto","background-attachment":"scroll","background-type":"","background-media":"","overlay-type":"","overlay-color":"","overlay-opacity":"","overlay-gradient":""},"tablet":{"background-color":"var(--ast-global-color-4)","background-image":"","background-repeat":"repeat","background-position":"center center","background-size":"auto","background-attachment":"scroll","background-type":"","background-media":"","overlay-type":"","overlay-color":"","overlay-opacity":"","overlay-gradient":""},"mobile":{"background-color":"var(--ast-global-color-4)","background-image":"","background-repeat":"repeat","background-position":"center center","background-size":"auto","background-attachment":"scroll","background-type":"","background-media":"","overlay-type":"","overlay-color":"","overlay-opacity":"","overlay-gradient":""}}},"product_brand":[],"product_cat":[15],"product_tag":[],"class_list":{"0":"post-1168","1":"product","2":"type-product","3":"status-publish","4":"has-post-thumbnail","6":"product_cat-sin-categorizar","7":"desktop-align-left","8":"tablet-align-left","9":"mobile-align-left","11":"first","12":"instock","13":"shipping-taxable","14":"purchasable","15":"product-type-variable"},"jetpack_sharing_enabled":true,"_links":{"self":[{"href":"https:\/\/cellbunker.com\/index.php?rest_route=\/wp\/v2\/product\/1168","targetHints":{"allow":["GET"]}}],"collection":[{"href":"https:\/\/cellbunker.com\/index.php?rest_route=\/wp\/v2\/product"}],"about":[{"href":"https:\/\/cellbunker.com\/index.php?rest_route=\/wp\/v2\/types\/product"}],"replies":[{"embeddable":true,"href":"https:\/\/cellbunker.com\/index.php?rest_route=%2Fwp%2Fv2%2Fcomments&post=1168"}],"wp:featuredmedia":[{"embeddable":true,"href":"https:\/\/cellbunker.com\/index.php?rest_route=\/wp\/v2\/media\/1163"}],"wp:attachment":[{"href":"https:\/\/cellbunker.com\/index.php?rest_route=%2Fwp%2Fv2%2Fmedia&parent=1168"}],"wp:term":[{"taxonomy":"product_brand","embeddable":true,"href":"https:\/\/cellbunker.com\/index.php?rest_route=%2Fwp%2Fv2%2Fproduct_brand&post=1168"},{"taxonomy":"product_cat","embeddable":true,"href":"https:\/\/cellbunker.com\/index.php?rest_route=%2Fwp%2Fv2%2Fproduct_cat&post=1168"},{"taxonomy":"product_tag","embeddable":true,"href":"https:\/\/cellbunker.com\/index.php?rest_route=%2Fwp%2Fv2%2Fproduct_tag&post=1168"}],"curies":[{"name":"wp","href":"https:\/\/api.w.org\/{rel}","templated":true}]}}