{"id":1079,"date":"2026-03-15T01:52:29","date_gmt":"2026-03-15T01:52:29","guid":{"rendered":"https:\/\/cellbunker.com\/producto\/xiaomi-cargador-inalambrico\/"},"modified":"2026-03-15T01:52:30","modified_gmt":"2026-03-15T01:52:30","slug":"xiaomi-cargador-inalambrico","status":"publish","type":"product","link":"https:\/\/cellbunker.com\/?product=xiaomi-cargador-inalambrico","title":{"rendered":"Xiaomi Cargador Inal\u00e1mbrico"},"content":{"rendered":"<p> <b> <font dir=\"auto\" style=\"vertical-align: inherit\"> <font dir=\"auto\" style=\"vertical-align: inherit\">Caracter\u00edstica:<\/font> <\/font> <\/b> <br \/> <font dir=\"auto\" style=\"vertical-align: inherit\"> <font dir=\"auto\" style=\"vertical-align: inherit\"> Carga inal\u00e1mbrica de aleaci\u00f3n de aluminio FDGAO\/10W. La carga r\u00e1pida inal\u00e1mbrica con textura de piel es adecuada para tel\u00e9fonos Apple, Samsung, Huawei y Xiaomi. <\/font> <\/font> <\/p>\n<p> <b> <font dir=\"auto\" style=\"vertical-align: inherit\"> <font dir=\"auto\" style=\"vertical-align: inherit\">Informaci\u00f3n del producto:<\/font> <\/font> <\/b> <br \/> <font dir=\"auto\" style=\"vertical-align: inherit\"> <font dir=\"auto\" style=\"vertical-align: inherit\"> Par\u00e1metro de entrada: 9 (V) <\/font> <\/font> <br \/> <font dir=\"auto\" style=\"vertical-align: inherit\"> <font dir=\"auto\" style=\"vertical-align: inherit\">Par\u00e1metro de salida: 9 (V) <\/font> <\/font> <br \/> <font dir=\"auto\" style=\"vertical-align: inherit\"> <font dir=\"auto\" style=\"vertical-align: inherit\">Tipo: Cargador inal\u00e1mbrico para autom\u00f3vil <\/font> <\/font> <br \/> <font dir=\"auto\" style=\"vertical-align: inherit\"> <font dir=\"auto\" style=\"vertical-align: inherit\">Corriente de carga: 2100 (mA) <\/font> <\/font> <br \/> <font dir=\"auto\" style=\"vertical-align: inherit\"> <font dir=\"auto\" style=\"vertical-align: inherit\">Funci\u00f3n de indicaci\u00f3n: sin funci\u00f3n de indicaci\u00f3n <\/font> <\/font> <br \/> <font dir=\"auto\" style=\"vertical-align: inherit\"> <font dir=\"auto\" style=\"vertical-align: inherit\">Interfaz: Micro USB <\/font> <\/font> <br \/> <font dir=\"auto\" style=\"vertical-align: inherit\"> <font dir=\"auto\" style=\"vertical-align: inherit\">Certificaci\u00f3n del producto: CE, FCC, ROHS <\/font> <\/font> <br \/> <font dir=\"auto\" style=\"vertical-align: inherit\"> <font dir=\"auto\" style=\"vertical-align: inherit\">Tama\u00f1o del producto: 100 mm x 60 mm <\/font> <\/font> <br \/> <font dir=\"auto\" style=\"vertical-align: inherit\"> <font dir=\"auto\" style=\"vertical-align: inherit\">Color: Carga r\u00e1pida de 10 W<\/font> <\/font> <\/p>\n<p> <\/p>\n<p> <img decoding=\"async\" src=\"https:\/\/cf.cjdropshipping.com\/1617678628237.jpg\"> <img decoding=\"async\" src=\"https:\/\/cf.cjdropshipping.com\/1617678628287.jpg\"> <img decoding=\"async\" src=\"https:\/\/cf.cjdropshipping.com\/1617678628286.jpg\"> <img decoding=\"async\" src=\"https:\/\/cf.cjdropshipping.com\/1617678628292.jpg\"> <img decoding=\"async\" src=\"https:\/\/cf.cjdropshipping.com\/1617678628294.jpg\">  <\/p>\n","protected":false},"excerpt":{"rendered":"<p>Caracter\u00edstica: Carga inal\u00e1mbrica de aleaci\u00f3n de aluminio FDGAO\/10W. La carga r\u00e1pida inal\u00e1mbrica con textura de piel es adecuada para tel\u00e9fonos [&hellip;]<\/p>\n","protected":false},"featured_media":1074,"comment_status":"open","ping_status":"closed","template":"","meta":{"site-sidebar-layout":"default","site-content-layout":"","ast-site-content-layout":"default","site-content-style":"default","site-sidebar-style":"default","ast-global-header-display":"","ast-banner-title-visibility":"","ast-main-header-display":"","ast-hfb-above-header-display":"","ast-hfb-below-header-display":"","ast-hfb-mobile-header-display":"","site-post-title":"","ast-breadcrumbs-content":"","ast-featured-img":"","footer-sml-layout":"","ast-disable-related-posts":"","theme-transparent-header-meta":"","adv-header-id-meta":"","stick-header-meta":"","header-above-stick-meta":"","header-main-stick-meta":"","header-below-stick-meta":"","astra-migrate-meta-layouts":"default","ast-page-background-enabled":"default","ast-page-background-meta":{"desktop":{"background-color":"var(--ast-global-color-5)","background-image":"","background-repeat":"repeat","background-position":"center center","background-size":"auto","background-attachment":"scroll","background-type":"","background-media":"","overlay-type":"","overlay-color":"","overlay-opacity":"","overlay-gradient":""},"tablet":{"background-color":"","background-image":"","background-repeat":"repeat","background-position":"center center","background-size":"auto","background-attachment":"scroll","background-type":"","background-media":"","overlay-type":"","overlay-color":"","overlay-opacity":"","overlay-gradient":""},"mobile":{"background-color":"","background-image":"","background-repeat":"repeat","background-position":"center center","background-size":"auto","background-attachment":"scroll","background-type":"","background-media":"","overlay-type":"","overlay-color":"","overlay-opacity":"","overlay-gradient":""}},"ast-content-background-meta":{"desktop":{"background-color":"var(--ast-global-color-4)","background-image":"","background-repeat":"repeat","background-position":"center center","background-size":"auto","background-attachment":"scroll","background-type":"","background-media":"","overlay-type":"","overlay-color":"","overlay-opacity":"","overlay-gradient":""},"tablet":{"background-color":"var(--ast-global-color-4)","background-image":"","background-repeat":"repeat","background-position":"center center","background-size":"auto","background-attachment":"scroll","background-type":"","background-media":"","overlay-type":"","overlay-color":"","overlay-opacity":"","overlay-gradient":""},"mobile":{"background-color":"var(--ast-global-color-4)","background-image":"","background-repeat":"repeat","background-position":"center center","background-size":"auto","background-attachment":"scroll","background-type":"","background-media":"","overlay-type":"","overlay-color":"","overlay-opacity":"","overlay-gradient":""}}},"product_brand":[],"product_cat":[20],"product_tag":[],"class_list":{"0":"post-1079","1":"product","2":"type-product","3":"status-publish","4":"has-post-thumbnail","6":"product_cat-cargador","7":"desktop-align-left","8":"tablet-align-left","9":"mobile-align-left","11":"first","12":"instock","13":"shipping-taxable","14":"purchasable","15":"product-type-variable"},"jetpack_sharing_enabled":true,"_links":{"self":[{"href":"https:\/\/cellbunker.com\/index.php?rest_route=\/wp\/v2\/product\/1079","targetHints":{"allow":["GET"]}}],"collection":[{"href":"https:\/\/cellbunker.com\/index.php?rest_route=\/wp\/v2\/product"}],"about":[{"href":"https:\/\/cellbunker.com\/index.php?rest_route=\/wp\/v2\/types\/product"}],"replies":[{"embeddable":true,"href":"https:\/\/cellbunker.com\/index.php?rest_route=%2Fwp%2Fv2%2Fcomments&post=1079"}],"wp:featuredmedia":[{"embeddable":true,"href":"https:\/\/cellbunker.com\/index.php?rest_route=\/wp\/v2\/media\/1074"}],"wp:attachment":[{"href":"https:\/\/cellbunker.com\/index.php?rest_route=%2Fwp%2Fv2%2Fmedia&parent=1079"}],"wp:term":[{"taxonomy":"product_brand","embeddable":true,"href":"https:\/\/cellbunker.com\/index.php?rest_route=%2Fwp%2Fv2%2Fproduct_brand&post=1079"},{"taxonomy":"product_cat","embeddable":true,"href":"https:\/\/cellbunker.com\/index.php?rest_route=%2Fwp%2Fv2%2Fproduct_cat&post=1079"},{"taxonomy":"product_tag","embeddable":true,"href":"https:\/\/cellbunker.com\/index.php?rest_route=%2Fwp%2Fv2%2Fproduct_tag&post=1079"}],"curies":[{"name":"wp","href":"https:\/\/api.w.org\/{rel}","templated":true}]}}